{"id":11296,"date":"2025-02-25T09:57:29","date_gmt":"2025-02-25T01:57:29","guid":{"rendered":"https:\/\/sxhtscti.com\/?post_type=product&#038;p=11296"},"modified":"2025-05-21T17:37:44","modified_gmt":"2025-05-21T09:37:44","slug":"titanium-anode-for-sodium-hypochlorite","status":"publish","type":"product","link":"https:\/\/www.sxhtscti.com\/de\/product\/titanium-anode-for-sodium-hypochlorite\/","title":{"rendered":"Titananode f\u00fcr Natriumhypochlorit"},"content":{"rendered":"<table>\n<tbody>\n<tr>\n<td><strong>Anwendungsszenarien<\/strong><\/td>\n<td>Trinkwasserdesinfektion, Abwasserbehandlung usw.<\/td>\n<\/tr>\n<tr>\n<td><strong>Solekonzentration<\/strong><\/td>\n<td>2%-5%<\/td>\n<\/tr>\n<tr>\n<td><strong>Stromdichte (A\/m\u00b2)<\/strong><\/td>\n<td>500-1500<\/td>\n<\/tr>\n<tr>\n<td><strong>Chlorentwicklungspotential (V)<\/strong><\/td>\n<td>\u22651,13<\/td>\n<\/tr>\n<tr>\n<td><strong>Aktuelle Effizienz<\/strong><\/td>\n<td>\u226580%<\/td>\n<\/tr>\n<tr>\n<td><strong>Temperatur (\u00b0C)<\/strong><\/td>\n<td>&lt;60<\/td>\n<\/tr>\n<tr>\n<td><strong>Lebensdauer<\/strong><\/td>\n<td>1 Jahr, 3 Jahre, 5 Jahre usw.<\/td>\n<\/tr>\n<tr>\n<td><strong>Chlorproduktionskapazit\u00e4t<\/strong><\/td>\n<td>50 g\/l \u2013 50 kg\/l (je nach Bedarf anpassbar)<\/td>\n<\/tr>\n<tr>\n<td><strong>Technische Daten<\/strong><\/td>\n<td>Individuell nach Kundenwunsch<\/td>\n<\/tr>\n<\/tbody>\n<\/table>\n<h2>\u00a0Vorteile von Titananoden<\/h2>\n<ul>\n<li><strong>Korrosionsbest\u00e4ndigkeit:<\/strong> Bei der Herstellung von Natriumhypochlorit entstehen gro\u00dfe Mengen Chlorgas und hochkonzentrierte Chloride, die extrem korrosiv wirken. Daher muss das Anodenmaterial eine au\u00dfergew\u00f6hnliche Korrosionsbest\u00e4ndigkeit aufweisen, um Sch\u00e4den zu vermeiden. Titan als Anodensubstrat bietet eine hervorragende Korrosionsbest\u00e4ndigkeit und kann in Chloridl\u00f6sungen \u00fcber l\u00e4ngere Zeit stabil arbeiten.<\/li>\n<li><strong>Gute Leitf\u00e4higkeit:<\/strong> Die elektrische Leitf\u00e4higkeit des Anodenmaterials wirkt sich direkt auf die Effizienz der Elektrolyse aus. Titananoden haben eine hohe Leitf\u00e4higkeit, die den Leistungsverlust reduzieren und den Energieverbrauch senken kann.<\/li>\n<li><strong>Hohe katalytische Aktivit\u00e4t:<\/strong> Die Oberfl\u00e4che von Titananoden f\u00fcr Natriumhypochloritgeneratoren besteht typischerweise aus Ruthenium-Eisen-Metallbeschichtungen, um die Chlorentwicklungsf\u00e4higkeit zu verbessern und die Effizienz der Elektrolysereaktion zu steigern.<\/li>\n<li><strong>Hohe Temperaturbest\u00e4ndigkeit:<\/strong> Der Elektrolyseprozess erzeugt W\u00e4rme. Titananoden verf\u00fcgen \u00fcber eine ausgezeichnete Hochtemperaturbest\u00e4ndigkeit und verhindern so wirksam Verformungen und Zersetzung bei erh\u00f6hten Temperaturen.<\/li>\n<li><strong>Lange Lebensdauer:<\/strong> Die Natriumhypochloritproduktion erfolgt kontinuierlich. Titananoden haben eine lange Lebensdauer, sodass h\u00e4ufiger Austausch und Wartung entfallen und die Produktionskosten sinken.<\/li>\n<\/ul>","protected":false},"excerpt":{"rendered":"<p>Application Scenarios Drinking water disinfection, wastewater treatment, etc. Brine Concentration 2%-5% Current Density (A\/m\u00b2) 500-1500 Chlorine Evolution Potential (V) \u22651.13<\/p>","protected":false},"featured_media":11667,"template":"","meta":[],"product_brand":[],"product_cat":[17,23],"product_tag":[],"class_list":{"0":"post-11296","1":"product","2":"type-product","3":"status-publish","4":"has-post-thumbnail","6":"product_cat-titanium-anode","7":"product_cat-electrochemical-water-treatment","9":"first","10":"instock","11":"shipping-taxable","12":"product-type-simple"},"_links":{"self":[{"href":"https:\/\/www.sxhtscti.com\/de\/wp-json\/wp\/v2\/product\/11296","targetHints":{"allow":["GET"]}}],"collection":[{"href":"https:\/\/www.sxhtscti.com\/de\/wp-json\/wp\/v2\/product"}],"about":[{"href":"https:\/\/www.sxhtscti.com\/de\/wp-json\/wp\/v2\/types\/product"}],"wp:featuredmedia":[{"embeddable":true,"href":"https:\/\/www.sxhtscti.com\/de\/wp-json\/wp\/v2\/media\/11667"}],"wp:attachment":[{"href":"https:\/\/www.sxhtscti.com\/de\/wp-json\/wp\/v2\/media?parent=11296"}],"wp:term":[{"taxonomy":"product_brand","embeddable":true,"href":"https:\/\/www.sxhtscti.com\/de\/wp-json\/wp\/v2\/product_brand?post=11296"},{"taxonomy":"product_cat","embeddable":true,"href":"https:\/\/www.sxhtscti.com\/de\/wp-json\/wp\/v2\/product_cat?post=11296"},{"taxonomy":"product_tag","embeddable":true,"href":"https:\/\/www.sxhtscti.com\/de\/wp-json\/wp\/v2\/product_tag?post=11296"}],"curies":[{"name":"wp","href":"https:\/\/api.w.org\/{rel}","templated":true}]}}