{"id":11301,"date":"2025-02-25T09:57:47","date_gmt":"2025-02-25T01:57:47","guid":{"rendered":"https:\/\/sxhtscti.com\/?post_type=product&#038;p=11301"},"modified":"2025-05-21T17:31:06","modified_gmt":"2025-05-21T09:31:06","slug":"titanium-anode-for-electrolytic-hydrogen-production","status":"publish","type":"product","link":"https:\/\/www.sxhtscti.com\/de\/product\/titanium-anode-for-electrolytic-hydrogen-production\/","title":{"rendered":"Titananode zur elektrolytischen Wasserstofferzeugung"},"content":{"rendered":"<div class=\"platinum-anode-specs\">\n<h2>Technische Informationen<\/h2>\n<div class=\"specs-table responsive-table\">\n<table>\n<tbody>\n<tr>\n<th>Substratmaterial<\/th>\n<td>Ti<\/td>\n<\/tr>\n<tr>\n<th>Elektrodens\u00e4ulenanschluss<\/th>\n<td>Schwei\u00dfen, Punktschwei\u00dfen, Schraubenfixierung<\/td>\n<\/tr>\n<tr>\n<th>Beschichtungsprozess<\/th>\n<td>Hochtemperatursintern<\/td>\n<\/tr>\n<tr>\n<th>Beschichtungszusammensetzung<\/th>\n<td>Platin<\/td>\n<\/tr>\n<tr>\n<th>Dicke der Edelmetallbeschichtung<\/th>\n<td>0,25\u20135 \u03bcm<\/td>\n<\/tr>\n<tr>\n<th>Beschichtungsmerkmale<\/th>\n<td>\n<div class=\"features-grid\"><span class=\"feature-badge\">Solide Platin-Titan-Verbindung,<\/span><span class=\"feature-badge\">Stabile Leistung,<\/span><span class=\"feature-badge\">Hohe Stromdichte,<\/span><span class=\"feature-badge\">Lange Lebensdauer<\/span><\/div>\n<\/td>\n<\/tr>\n<tr>\n<th>Formen<\/th>\n<td>\n<div class=\"shapes-grid\"><span class=\"shape-badge\">Gittergewebe,<\/span><span class=\"shape-badge\">Platte,<\/span><span class=\"shape-badge\">R\u00f6hrenf\u00f6rmig,<\/span><span class=\"shape-badge\">Stange,<\/span><span class=\"shape-badge\">Draht,<\/span><span class=\"shape-badge\">Ma\u00dfgeschneidert<\/span><\/div>\n<\/td>\n<\/tr>\n<\/tbody>\n<\/table>\n<\/div>\n<\/div>\n<p>Bei der elektrolytischen Wasserstoffproduktion wird Wasser durch Elektrolyse in Wasserstoff und Sauerstoff zerlegt. F\u00fcr diesen Prozess werden zwei Elektroden ben\u00f6tigt: eine Anode und eine Kathode. An der Anode wird bei der Wasserelektrolysereaktion Sauerstoff erzeugt, w\u00e4hrend an der Kathode Wasserstoff produziert wird. Bei diesem Prozess wirkt sich die Leistung der Anode direkt auf die Elektrolyseeffizienz und die Wasserstoffproduktion aus. Daher ist die Auswahl eines geeigneten Anodenmaterials f\u00fcr die Leistung des elektrolytischen Wasserstoffproduktionssystems von entscheidender Bedeutung.<\/p>\n<h2>Anforderungen an Anoden bei der elektrolytischen Wasserstofferzeugung<\/h2>\n<p>Um die Effizienz der Wasserelektrolyse zu verbessern, m\u00fcssen Anodenmaterialien die folgenden Hauptanforderungen erf\u00fcllen:<\/p>\n<ul>\n<li>Gute elektrische Leitf\u00e4higkeit: Das Anodenmaterial muss eine hohe elektrische Leitf\u00e4higkeit aufweisen, um den Leistungsverlust w\u00e4hrend der Elektrolyse zu reduzieren.<\/li>\n<li>Korrosionsbest\u00e4ndigkeit: Das Anodenmaterial muss in einer sauren Umgebung stabil bleiben (aufgrund der bei der Elektrolyse entstehenden H\u207a-Ionen), um Korrosion oder Oxidation zu verhindern.<\/li>\n<li>Hohe katalytische Aktivit\u00e4t: Das Anodenmaterial muss f\u00fcr die Sauerstoffentwicklungsreaktion (OER) eine hohe katalytische Aktivit\u00e4t aufweisen, um die Sauerstofffreisetzung wirksam zu f\u00f6rdern und die f\u00fcr die Elektrolyse erforderliche Spannung zu reduzieren.<\/li>\n<li>Lange Lebensdauer: Die Anode sollte eine lange Lebensdauer haben, einem Dauerbetrieb bei hohen Stromdichten standhalten und einen h\u00e4ufigen Austausch oder Wartungsaufwand vermeiden.<\/li>\n<li>Moderate Kosten: Angesichts der Wirtschaftlichkeit einer Wasserstoffproduktion im gro\u00dfen Ma\u00dfstab sollten die Kosten des Anodenmaterials relativ moderat sein, insbesondere bei gro\u00dfindustriellen Anwendungen.<\/li>\n<\/ul>\n<h2>Faktoren, die die Leistung von Anoden bei der elektrolytischen Wasserstoffproduktion beeinflussen<\/h2>\n<ul>\n<li>Betriebstemperatur und Stromdichte: Die Betriebstemperatur und Stromdichte bei der Wasserelektrolyse beeinflussen ma\u00dfgeblich die Leistung der Anode. H\u00f6here Betriebstemperaturen und Stromdichten k\u00f6nnen die Korrosion der Anode beschleunigen oder ihre Lebensdauer verk\u00fcrzen.<\/li>\n<li>pH-Wert: Der pH-Wert des elektrolysierten Wassers beeinflusst auch die Korrosionsbest\u00e4ndigkeit und katalytische Aktivit\u00e4t der Anode. In einer sauren Umgebung kann die Anode anf\u00e4lliger f\u00fcr Korrosion sein, daher muss ein Anodenmaterial mit starker S\u00e4urebest\u00e4ndigkeit ausgew\u00e4hlt werden.<\/li>\n<li>Elektrolytzusammensetzung: Faktoren wie die Art und Konzentration der Ionen im Elektrolyt beeinflussen ebenfalls die Leistung der Anode. Die Korrosivit\u00e4t des Elektrolyten wirkt sich direkt auf die Lebensdauer der Anode aus.<\/li>\n<\/ul>\n<h2>Zuk\u00fcnftige Entwicklungstrends<\/h2>\n<ul>\n<li>Kostensenkung: Zuk\u00fcnftige Forschung wird sich auf die Entwicklung kosteng\u00fcnstiger und hocheffizienter Anodenmaterialien konzentrieren, beispielsweise auf die Anwendung von Nichtedelmetalllegierungen und Nanomaterialien.<\/li>\n<li>Verbesserte Haltbarkeit: Verbessern Sie die Korrosionsbest\u00e4ndigkeit, katalytische Aktivit\u00e4t und Verschmutzungsbest\u00e4ndigkeit der Anode, verl\u00e4ngern Sie ihre Lebensdauer und senken Sie die Wartungs- und Austauschkosten.<\/li>\n<li>Effizienz der Elektrolyse: Verbessern Sie die Gesamtenergieeffizienz der Wasserelektrolyse und senken Sie den Energieverbrauch bei der elektrolytischen Wasserstoffproduktion. Insbesondere bei gro\u00dftechnischen kommerziellen Anwendungen tr\u00e4gt eine Verbesserung der Anodenleistung zur Steigerung der Effizienz des gesamten Elektrolysesystems bei.<\/li>\n<\/ul>\n<h2>Zusammenfassung<\/h2>\n<p>Die Auswahl und das Design der Anoden f\u00fcr die elektrolytische Wasserstoffproduktion sind f\u00fcr den Wasserstoffproduktionsprozess durch Wasserelektrolyse von entscheidender Bedeutung. Das Anodenmaterial muss eine hohe katalytische Aktivit\u00e4t, gute Korrosionsbest\u00e4ndigkeit und Langzeitstabilit\u00e4t aufweisen, um die Effizienz und Wirtschaftlichkeit der Elektrolyse sicherzustellen. Mit dem Fortschritt der Materialwissenschaft haben Forscher erhebliche Fortschritte bei der Entwicklung kosteng\u00fcnstiger, leistungsstarker und langlebiger Anodenmaterialien gemacht. In Zukunft wird die Technologie zur elektrolytischen Wasserstoffproduktion praktikabler und wirtschaftlicher werden.<\/p>","protected":false},"excerpt":{"rendered":"<p>Technical Information Substrate Material Ti Electrode Column Connection Welding,Spot welding,Screw fixation Coating Process High temperature sintering Coating Composition Platinum Precious<\/p>","protected":false},"featured_media":11675,"template":"","meta":[],"product_brand":[],"product_cat":[17,23],"product_tag":[],"class_list":{"0":"post-11301","1":"product","2":"type-product","3":"status-publish","4":"has-post-thumbnail","6":"product_cat-titanium-anode","7":"product_cat-electrochemical-water-treatment","9":"first","10":"instock","11":"shipping-taxable","12":"product-type-simple"},"_links":{"self":[{"href":"https:\/\/www.sxhtscti.com\/de\/wp-json\/wp\/v2\/product\/11301","targetHints":{"allow":["GET"]}}],"collection":[{"href":"https:\/\/www.sxhtscti.com\/de\/wp-json\/wp\/v2\/product"}],"about":[{"href":"https:\/\/www.sxhtscti.com\/de\/wp-json\/wp\/v2\/types\/product"}],"wp:featuredmedia":[{"embeddable":true,"href":"https:\/\/www.sxhtscti.com\/de\/wp-json\/wp\/v2\/media\/11675"}],"wp:attachment":[{"href":"https:\/\/www.sxhtscti.com\/de\/wp-json\/wp\/v2\/media?parent=11301"}],"wp:term":[{"taxonomy":"product_brand","embeddable":true,"href":"https:\/\/www.sxhtscti.com\/de\/wp-json\/wp\/v2\/product_brand?post=11301"},{"taxonomy":"product_cat","embeddable":true,"href":"https:\/\/www.sxhtscti.com\/de\/wp-json\/wp\/v2\/product_cat?post=11301"},{"taxonomy":"product_tag","embeddable":true,"href":"https:\/\/www.sxhtscti.com\/de\/wp-json\/wp\/v2\/product_tag?post=11301"}],"curies":[{"name":"wp","href":"https:\/\/api.w.org\/{rel}","templated":true}]}}