{"id":11309,"date":"2025-02-25T10:05:57","date_gmt":"2025-02-25T02:05:57","guid":{"rendered":"https:\/\/sxhtscti.com\/?post_type=product&#038;p=11309"},"modified":"2025-04-24T14:38:42","modified_gmt":"2025-04-24T06:38:42","slug":"titanium-anode-for-fruit-and-vegetable-disinfection-machine","status":"publish","type":"product","link":"https:\/\/www.sxhtscti.com\/de\/product\/titanium-anode-for-fruit-and-vegetable-disinfection-machine\/","title":{"rendered":"Titananode f\u00fcr Obst- und Gem\u00fcsedesinfektionsmaschine"},"content":{"rendered":"<p>\u25c6Material:<\/p>\n<p>reines Titanmaterial, Sie k\u00f6nnen zwischen unterschiedlicher Reinheit des Titanmaterials w\u00e4hlen, z. B. Gr1, Gr2, Gr3 usw.;<\/p>\n<p>\u25c6Handwerkskunst:<\/p>\n<p>Nach einer speziellen Behandlung bildet sich auf der Oberfl\u00e4che ein mitteldicker Oxidfilm, der f\u00fcr eine gute Leistung sorgt.<\/p>\n<p>\u25c6Anodenform:<\/p>\n<p>Je nach den spezifischen Anwendungsanforderungen k\u00f6nnen Anoden in Rillenform, Plattenform, Drahtform, Rohrform und anderen verschiedenen Formen hergestellt werden.<\/p>\n<p>Anwendung: Zum Waschen von Gem\u00fcse, Obst, Babyflaschen (Spielzeug, Kleidung usw.)<br \/>\nVorteile: hohe Effizienz, langlebig, korrosionsbest\u00e4ndig<\/p>\n<h2>Titananoden in Obst- und Gem\u00fcsedesinfektionsmaschinen<\/h2>\n<p>Titananoden in Obst- und Gem\u00fcsedesinfektionsmaschinen werden haupts\u00e4chlich zur Reinigung und Desinfektion von Obst und Gem\u00fcse durch Elektrolyse eingesetzt. Titananoden spielen eine entscheidende Rolle im Elektrolyseprozess und nutzen ihre hohe Korrosionsbest\u00e4ndigkeit und elektrische Leitf\u00e4higkeit, um die Wasserelektrolyse in diesen Maschinen zu erleichtern. Dadurch werden Pestizidr\u00fcckst\u00e4nde, Bakterien und Viren effektiv von der Oberfl\u00e4che von Obst und Gem\u00fcse entfernt.<\/p>\n<h2>Funktionen von Titananoden in Obst- und Gem\u00fcsedesinfektionsmaschinen<\/h2>\n<h5>1.Elektrolytische Desinfektion<\/h5>\n<p>In Obst- und Gem\u00fcsedesinfektionsanlagen arbeiten Titananoden mit Kathoden zusammen, um Mineralien im Wasser zu elektrolysieren und so Oxide mit desinfizierender Wirkung zu erzeugen. Durch die Elektrolyse von Wasser entstehende oxidierende Substanzen wie Ozon, Chloride und Wasserstoffperoxid k\u00f6nnen Schadstoffe auf der Oberfl\u00e4che von Obst und Gem\u00fcse wirksam beseitigen.<\/p>\n<ul>\n<li>Elektrolytische Reaktion: Titananoden f\u00f6rdern durch elektrochemische Reaktionen die Zersetzung von Wassermolek\u00fclen in Wasserstoff und Sauerstoff. Der an der Anodenoberfl\u00e4che entstehende Sauerstoff wird in Oxide wie Ozon (O\u2083) oder Wasserstoffperoxid (H\u2082O\u2082) umgewandelt. Diese Substanzen haben stark oxidierende Eigenschaften und k\u00f6nnen dadurch Bakterien effektiv abt\u00f6ten, Pestizidr\u00fcckst\u00e4nde entfernen und sch\u00e4dliche chemische Substanzen zersetzen.<\/li>\n<\/ul>\n<h5>2. Entfernung von Pestiziden und Bakterien<\/h5>\n<p>Von Titananoden erzeugte Oxide (wie Ozon) und aktiver Sauerstoff k\u00f6nnen Pestizidr\u00fcckst\u00e4nde auf Obst- und Gem\u00fcseoberfl\u00e4chen zersetzen und Mikroorganismen wie Bakterien und Viren abt\u00f6ten. Ozon, ein starkes Oxidationsmittel, kann direkt mit organischen Chemikalien reagieren, diese zersetzen und Schadstoffe effektiv aus Obst und Gem\u00fcse entfernen.<\/p>\n<ul>\n<li>Rolle des Ozons: Aufgrund seiner starken oxidierenden Eigenschaften kann Ozon die Zellw\u00e4nde von Bakterien und die \u00e4u\u00dferen Membranen von Viren durch Oxidation zerst\u00f6ren und so eine Desinfektion bewirken.<\/li>\n<li>Rolle von Wasserstoffperoxid: Wasserstoffperoxid (H\u2082O\u2082) hat ebenfalls eine starke desinfizierende und dekontaminierende Wirkung. Durch die Erzeugung von Wasserstoffperoxid mittels Wasserelektrolyse k\u00f6nnen Bakterien und Pestizidr\u00fcckst\u00e4nde auf der Oberfl\u00e4che von Obst und Gem\u00fcse abgebaut werden.<\/li>\n<\/ul>\n<h5>3. Wasserqualit\u00e4tsreinigung<\/h5>\n<p>Die elektrolytische Wirkung von Titananoden desinfiziert nicht nur Obst und Gem\u00fcse, sondern reinigt auch die Desinfektionsl\u00f6sung und entfernt Verunreinigungen und Schadstoffe aus dem Wasser. Titananoden k\u00f6nnen effizient reaktive Sauerstoffspezies (wie Chlor und Ozon) erzeugen, wodurch die Desinfektionskraft des Wassers erh\u00f6ht und seine Qualit\u00e4t verbessert wird.<\/p>\n<h2>Vorteile<\/h2>\n<h5>1. Starke Korrosionsbest\u00e4ndigkeit<\/h5>\n<p>Die Korrosionsbest\u00e4ndigkeit von Titananoden ist einer der Hauptvorteile ihrer Anwendung in Obst- und Gem\u00fcsedesinfektionsmaschinen. Die Arbeitsumgebung dieser Maschinen ist typischerweise eine Mischung aus Wasser und Elektrolyt, die Chloride, saure oder alkalische Bestandteile enthalten kann. Titananoden k\u00f6nnen in dieser korrosiven Umgebung \u00fcber l\u00e4ngere Zeit stabil arbeiten, ohne durch die elektrolytische Reaktion korrodiert oder besch\u00e4digt zu werden.<\/p>\n<ul>\n<li>Titanoxidschicht: Die Oberfl\u00e4che von Titananoden ist mit einer nat\u00fcrlichen Titanoxidschicht versehen. Diese Schutzschicht erh\u00f6ht die Korrosionsbest\u00e4ndigkeit von Titan und verhindert, dass die Anode in einer Umgebung mit starken elektrolytischen Reaktionen korrodiert.<\/li>\n<\/ul>\n<h5>2. Gute elektrische Leitf\u00e4higkeit und elektrochemische Leistung<\/h5>\n<p>Titananoden verf\u00fcgen \u00fcber eine ausgezeichnete elektrische Leitf\u00e4higkeit, wodurch sie Strom effizient leiten und w\u00e4hrend der Elektrolyse ausreichend Oxide erzeugen k\u00f6nnen. Im Vergleich zu anderen Metallen weist Titan ein geringeres \u00dcberspannungspotential f\u00fcr die elektrolytische Reaktion auf, was die Wasserelektrolyse effizienter f\u00f6rdert und die Desinfektionswirkung verst\u00e4rkt.<\/p>\n<h5>3. Umweltfreundlichkeit und Hygiene<\/h5>\n<p>Titananoden setzen keine Schadstoffe frei, und ihre Oberfl\u00e4chen produzieren durch elektrolytische Reaktionen keine giftigen Nebenprodukte. Daher erf\u00fcllen Obst- und Gem\u00fcsedesinfektionsger\u00e4te mit Titananoden die Umwelt- und Hygieneanforderungen besser und tragen zur Sicherheit und Sauberkeit von Obst und Gem\u00fcse bei.<\/p>\n<h5>4. Hohe Temperaturbest\u00e4ndigkeit und Antifouling-Eigenschaften<\/h5>\n<p>Titananoden gew\u00e4hrleisten eine stabile Leistung in Umgebungen mit hohen Temperaturen und hohem Kalkgehalt und eignen sich daher f\u00fcr den Einsatz in hei\u00dfem oder mineralhaltigem Wasser. Im Betrieb verhindern Titananoden wirksam die Ablagerung von Kalk und Schmutz und gew\u00e4hrleisten so einen langfristig stabilen Betrieb.<\/p>\n<h5>5. Lange Lebensdauer und geringer Wartungsaufwand<\/h5>\n<p>Aufgrund ihrer Korrosionsbest\u00e4ndigkeit und Langlebigkeit haben Titananoden eine lange Lebensdauer und m\u00fcssen in der Regel mehrere Jahre lang nicht ausgetauscht werden. Diese Langlebigkeit reduziert nicht nur die Austauschh\u00e4ufigkeit, sondern senkt auch die Wartungskosten.<\/p>\n<p>&nbsp;<\/p>\n<h2>Anwendungsf\u00e4lle von Titananoden in Obst- und Gem\u00fcsedesinfektionsmaschinen<\/h2>\n<p>Titananoden werden h\u00e4ufig in hochwertigen Obst- und Gem\u00fcsedesinfektionsger\u00e4ten eingesetzt. Einige intelligente Desinfektionsger\u00e4te kombinieren beispielsweise Titananoden mit anderen elektrolytischen Technologien und k\u00f6nnen Pestizidr\u00fcckst\u00e4nde und Bakterien innerhalb weniger Minuten effektiv von Obst- und Gem\u00fcseoberfl\u00e4chen entfernen.<\/p>\n<ul>\n<li>Ozondesinfektion: Ozon wird durch Elektrolyse von Titananoden erzeugt. Dieses Ozongas kann sch\u00e4dliche Mikroorganismen auf der Oberfl\u00e4che von Obst und Gem\u00fcse wirksam abt\u00f6ten und einige Pestizide zersetzen.<\/li>\n<li>Erzeugung von Wasserstoffperoxid: Titananoden erzeugen Wasserstoffperoxid, das die Oberfl\u00e4chen von Obst und Gem\u00fcse gr\u00fcndlich reinigen und desinfizieren sowie Bakterien und Flecken entfernen kann.<\/li>\n<\/ul>\n<h2>Zusammenfassung<\/h2>\n<p>Der Einsatz von Titananoden in Obst- und Gem\u00fcsedesinfektionsger\u00e4ten nutzt deren Korrosionsbest\u00e4ndigkeit, hervorragende elektrochemische Leistung und lange Lebensdauer voll aus. Dies verbessert effektiv die Effizienz der elektrolytischen Reaktion und tr\u00e4gt dazu bei, Pestizidr\u00fcckst\u00e4nde, Bakterien und Viren von Obst- und Gem\u00fcseoberfl\u00e4chen zu entfernen. Titananoden gew\u00e4hrleisten nicht nur die Desinfektionswirkung, sondern garantieren auch einen langfristig stabilen Betrieb der Ger\u00e4te, wodurch Wartungskosten und Austauschh\u00e4ufigkeit reduziert werden. In einigen hochwertigen Obst- und Gem\u00fcsedesinfektionsger\u00e4ten sind Titananoden die ideale Wahl, insbesondere f\u00fcr private und gewerbliche Umgebungen, die hohe Effizienz, Sicherheit und Umweltfreundlichkeit erfordern.<\/p>","protected":false},"excerpt":{"rendered":"<p>\u25c6Material: pure titanium material,can choose different purity of titanium material,such as Gr1,Gr2,Gr3,etc.; \u25c6Craftsmanship: After special treatment,a medium-thick oxide film is<\/p>","protected":false},"featured_media":11662,"template":"","meta":[],"product_brand":[],"product_cat":[17,21],"product_tag":[],"class_list":{"0":"post-11309","1":"product","2":"type-product","3":"status-publish","4":"has-post-thumbnail","6":"product_cat-titanium-anode","7":"product_cat-titanium-anode-for-electrical-applications","9":"first","10":"instock","11":"shipping-taxable","12":"product-type-simple"},"_links":{"self":[{"href":"https:\/\/www.sxhtscti.com\/de\/wp-json\/wp\/v2\/product\/11309","targetHints":{"allow":["GET"]}}],"collection":[{"href":"https:\/\/www.sxhtscti.com\/de\/wp-json\/wp\/v2\/product"}],"about":[{"href":"https:\/\/www.sxhtscti.com\/de\/wp-json\/wp\/v2\/types\/product"}],"wp:featuredmedia":[{"embeddable":true,"href":"https:\/\/www.sxhtscti.com\/de\/wp-json\/wp\/v2\/media\/11662"}],"wp:attachment":[{"href":"https:\/\/www.sxhtscti.com\/de\/wp-json\/wp\/v2\/media?parent=11309"}],"wp:term":[{"taxonomy":"product_brand","embeddable":true,"href":"https:\/\/www.sxhtscti.com\/de\/wp-json\/wp\/v2\/product_brand?post=11309"},{"taxonomy":"product_cat","embeddable":true,"href":"https:\/\/www.sxhtscti.com\/de\/wp-json\/wp\/v2\/product_cat?post=11309"},{"taxonomy":"product_tag","embeddable":true,"href":"https:\/\/www.sxhtscti.com\/de\/wp-json\/wp\/v2\/product_tag?post=11309"}],"curies":[{"name":"wp","href":"https:\/\/api.w.org\/{rel}","templated":true}]}}