{"id":11319,"date":"2025-05-04T11:09:11","date_gmt":"2025-05-04T03:09:11","guid":{"rendered":"https:\/\/sxhtscti.com\/?post_type=product&#038;p=11319"},"modified":"2025-05-22T10:55:24","modified_gmt":"2025-05-22T02:55:24","slug":"titanium-anode-for-water-heater","status":"publish","type":"product","link":"https:\/\/www.sxhtscti.com\/de\/product\/titanium-anode-for-water-heater\/","title":{"rendered":"Titananode f\u00fcr Warmwasserbereiter"},"content":{"rendered":"<div class=\"titanium-anode-specs\">\n<h2>Produktparameter<\/h2>\n<p>Titananodendraht f\u00fcr Warmwasserbereiter wird haupts\u00e4chlich zum kathodischen Schutz des Innentanks von Warmwasserbereitern verwendet und stellt die n\u00e4chste Generation neuer Anodenprodukte dar, die auf den Anoden-\u201eMagnesiumstab\u201c verzichten.<\/p>\n<div class=\"specs-table responsive-table\">\n<table>\n<tbody>\n<tr>\n<th>Name<\/th>\n<td>Titananodenstab f\u00fcr Warmwasserbereiter<\/td>\n<\/tr>\n<tr>\n<th>Material<\/th>\n<td>TA1<\/td>\n<\/tr>\n<tr>\n<th>Produktgr\u00f6\u00dfe<\/th>\n<td>\u03a6 3,0*340mm \/ \u03a6 3,0 * 490mm oder (gem\u00e4\u00df den Anforderungen der Kundenzeichnungen)<\/td>\n<\/tr>\n<tr>\n<th>Stromdichtebereich<\/th>\n<td>\uff1c500A\/m\u00b2<\/td>\n<\/tr>\n<tr>\n<th>Temperaturbereich<\/th>\n<td>&lt;60 \u00b0C<\/td>\n<\/tr>\n<tr>\n<th>Beschichtungssystem<\/th>\n<td>Ruthenium-Iridium-Beschichtung<\/td>\n<\/tr>\n<tr>\n<th>Beschichtungsmaterial<\/th>\n<td>RuO<sub>2<\/sub>+X oder IrO<sub>2<\/sub>+X<\/td>\n<\/tr>\n<tr>\n<th>Lebenserwartung der Anode<\/th>\n<td>\uff1e10 Jahre<\/td>\n<\/tr>\n<\/tbody>\n<\/table>\n<\/div>\n<\/div>\n<p>Beschichtungssystem: Ruthenium-Iridium-Beschichtung<\/p>\n<h3>Testbedingungen<\/h3>\n<table>\n<thead>\n<tr>\n<th>System<\/th>\n<th>Medium<\/th>\n<th>Stromdichte (A\/m\u00b2)<\/th>\n<th>Temperatur (\u00b0C)<\/th>\n<\/tr>\n<\/thead>\n<tbody>\n<td>Ruthenium-Iridium<\/td>\n<td>1 mol\/l H\u2082SO\u2084<\/td>\n<td>20,000<\/td>\n<td>40 \u00b1 5<\/td>\n<\/tr>\n<\/tbody>\n<\/table>","protected":false},"excerpt":{"rendered":"<p>Produktparameter Titananodendraht f\u00fcr Warmwasserbereiter wird haupts\u00e4chlich f\u00fcr den kathodischen Schutz des inneren Wassertanks verwendet<\/p>","protected":false},"featured_media":11658,"template":"","meta":[],"product_brand":[],"product_cat":[17,21],"product_tag":[],"class_list":{"0":"post-11319","1":"product","2":"type-product","3":"status-publish","4":"has-post-thumbnail","6":"product_cat-titanium-anode","7":"product_cat-titanium-anode-for-electrical-applications","9":"first","10":"instock","11":"featured","12":"shipping-taxable","13":"product-type-simple"},"_links":{"self":[{"href":"https:\/\/www.sxhtscti.com\/de\/wp-json\/wp\/v2\/product\/11319","targetHints":{"allow":["GET"]}}],"collection":[{"href":"https:\/\/www.sxhtscti.com\/de\/wp-json\/wp\/v2\/product"}],"about":[{"href":"https:\/\/www.sxhtscti.com\/de\/wp-json\/wp\/v2\/types\/product"}],"wp:featuredmedia":[{"embeddable":true,"href":"https:\/\/www.sxhtscti.com\/de\/wp-json\/wp\/v2\/media\/11658"}],"wp:attachment":[{"href":"https:\/\/www.sxhtscti.com\/de\/wp-json\/wp\/v2\/media?parent=11319"}],"wp:term":[{"taxonomy":"product_brand","embeddable":true,"href":"https:\/\/www.sxhtscti.com\/de\/wp-json\/wp\/v2\/product_brand?post=11319"},{"taxonomy":"product_cat","embeddable":true,"href":"https:\/\/www.sxhtscti.com\/de\/wp-json\/wp\/v2\/product_cat?post=11319"},{"taxonomy":"product_tag","embeddable":true,"href":"https:\/\/www.sxhtscti.com\/de\/wp-json\/wp\/v2\/product_tag?post=11319"}],"curies":[{"name":"wp","href":"https:\/\/api.w.org\/{rel}","templated":true}]}}