{"id":11333,"date":"2025-02-25T13:57:46","date_gmt":"2025-02-25T05:57:46","guid":{"rendered":"https:\/\/sxhtscti.com\/?post_type=product&#038;p=11333"},"modified":"2025-05-22T11:27:23","modified_gmt":"2025-05-22T03:27:23","slug":"mmo-anode-protection-rod","status":"publish","type":"product","link":"https:\/\/www.sxhtscti.com\/de\/product\/mmo-anode-protection-rod\/","title":{"rendered":"MMO Anodenschutzstab"},"content":{"rendered":"<h1><strong>MMO-Anodenst\u00e4be f\u00fcr den kathodischen Schutz<\/strong><\/h1>\n<p>MMO-Stabanoden bilden den Hauptk\u00f6rper von Sondenanoden. Sondenanoden werden haupts\u00e4chlich in Fremdstrom-Kathodenschutzsystemen f\u00fcr die Innenfl\u00e4chen von Rohrleitungen, Wassertanks, Druckbeh\u00e4ltern usw. verwendet.<\/p>\n<h2>Produktspezifikationen und Leistung:<\/h2>\n<table style=\"width: 100%; border - collapse: collapse;\">\n<tbody>\n<tr>\n<th style=\"border: 1px solid black; padding: 8px;\">Durchmesser (mm)<\/th>\n<th style=\"border: 1px solid black; padding: 8px;\">L\u00e4nge L (mm)<\/th>\n<th style=\"border: 1px solid black; padding: 8px;\">Fl\u00e4che (m\u00b2)<\/th>\n<th style=\"border: 1px solid black; padding: 8px;\">Stromausgang (A\/m)<\/th>\n<th style=\"border: 1px solid black; padding: 8px;\">Lebensdauer (Jahre)<\/th>\n<th style=\"border: 1px solid black; padding: 8px;\">Anwendungsszenarien<\/th>\n<\/tr>\n<tr>\n<td style=\"border: 1px solid black; padding: 8px;\">12<\/td>\n<td style=\"border: 1px solid black; padding: 8px;\">1000<\/td>\n<td style=\"border: 1px solid black; padding: 8px;\">0.04<\/td>\n<td style=\"border: 1px solid black; padding: 8px;\">4<\/td>\n<td style=\"border: 1px solid black; padding: 8px;\">20<\/td>\n<td style=\"border: 1px solid black; padding: 8px;\">Rohrleitungen, Wassertanks, Druckbeh\u00e4lter<\/td>\n<\/tr>\n<tr>\n<td style=\"border: 1px solid black; padding: 8px;\">12<\/td>\n<td style=\"border: 1px solid black; padding: 8px;\">1000<\/td>\n<td style=\"border: 1px solid black; padding: 8px;\">0.04<\/td>\n<td style=\"border: 1px solid black; padding: 8px;\">24<\/td>\n<td style=\"border: 1px solid black; padding: 8px;\">20<\/td>\n<td style=\"border: 1px solid black; padding: 8px;\">Rohrleitungen, Wassertanks, Druckbeh\u00e4lter<\/td>\n<\/tr>\n<tr>\n<td style=\"border: 1px solid black; padding: 8px;\">20<\/td>\n<td style=\"border: 1px solid black; padding: 8px;\">1000<\/td>\n<td style=\"border: 1px solid black; padding: 8px;\">0.06<\/td>\n<td style=\"border: 1px solid black; padding: 8px;\">6<\/td>\n<td style=\"border: 1px solid black; padding: 8px;\">20<\/td>\n<td style=\"border: 1px solid black; padding: 8px;\">Rohrleitungen, Wassertanks, Druckbeh\u00e4lter<\/td>\n<\/tr>\n<tr>\n<td style=\"border: 1px solid black; padding: 8px;\">20<\/td>\n<td style=\"border: 1px solid black; padding: 8px;\">1000<\/td>\n<td style=\"border: 1px solid black; padding: 8px;\">0.06<\/td>\n<td style=\"border: 1px solid black; padding: 8px;\">36<\/td>\n<td style=\"border: 1px solid black; padding: 8px;\">20<\/td>\n<td style=\"border: 1px solid black; padding: 8px;\">Rohrleitungen, Wassertanks, Druckbeh\u00e4lter<\/td>\n<\/tr>\n<\/tbody>\n<\/table>\n<p>*Andere Spezifikationsgr\u00f6\u00dfen k\u00f6nnen entsprechend den Kundenanforderungen angepasst werden.<\/p>\n<p>Als Titan-Basismaterial werden Platten verwendet, die der Norm ASTM B338 Gr1 entsprechen.<\/p>\n<h3>Chemische Zusammensetzung<\/h3>\n<table style=\"width: 100%; border - collapse: collapse;\">\n<tbody>\n<tr>\n<th style=\"border: 1px solid black; padding: 8px;\">Eisen (Fe)<\/th>\n<th style=\"border: 1px solid black; padding: 8px;\">Kohlenstoff (C)<\/th>\n<th style=\"border: 1px solid black; padding: 8px;\">Stickstoff (N)<\/th>\n<th style=\"border: 1px solid black; padding: 8px;\">Wasserstoff (H)<\/th>\n<th style=\"border: 1px solid black; padding: 8px;\">Sauerstoff (O)<\/th>\n<th style=\"border: 1px solid black; padding: 8px;\">Titan (Ti)<\/th>\n<th style=\"border: 1px solid black; padding: 8px;\">Sonstiges<\/th>\n<\/tr>\n<tr>\n<td style=\"border: 1px solid black; padding: 8px;\">Maximaler Inhalt 0,20%<\/td>\n<td style=\"border: 1px solid black; padding: 8px;\">0.08%<\/td>\n<td style=\"border: 1px solid black; padding: 8px;\">0.03%<\/td>\n<td style=\"border: 1px solid black; padding: 8px;\">0.02%<\/td>\n<td style=\"border: 1px solid black; padding: 8px;\">0.18%<\/td>\n<td style=\"border: 1px solid black; padding: 8px;\">Rest<\/td>\n<td style=\"border: 1px solid black; padding: 8px;\">0.40%<\/td>\n<\/tr>\n<\/tbody>\n<\/table>\n<p>Beschichtungssystem: Ruthenium-Iridium-Beschichtung<\/p>\n<p>Erweiterter Lebensdauerteststandard: NACE TM0108 \u2013 2008<\/p>\n<h3>Testbedingungen<\/h3>\n<table>\n<thead>\n<tr>\n<th>System<\/th>\n<th>Medium<\/th>\n<th>Stromdichte (A\/m\u00b2)<\/th>\n<th>Temperatur (\u00b0C)<\/th>\n<\/tr>\n<\/thead>\n<tbody>\n<tr>\n<td>Iridium-Tantal<\/td>\n<td>1 mol\/l Na\u2082SO\u2084<\/td>\n<td>20,000<\/td>\n<td>40 \u00b1 5<\/td>\n<\/tr>\n<tr>\n<td>Ruthenium-Iridium<\/td>\n<td>1 mol\/l H\u2082SO\u2084<\/td>\n<td>20,000<\/td>\n<td>40 \u00b1 5<\/td>\n<\/tr>\n<\/tbody>\n<\/table>","protected":false},"excerpt":{"rendered":"<p>MMO-Anodenst\u00e4be f\u00fcr den kathodischen Schutz MMO-Anodenst\u00e4be bilden den Hauptk\u00f6rper von Sondenanoden. Sonde<\/p>","protected":false},"featured_media":11693,"template":"","meta":[],"product_brand":[],"product_cat":[17,18],"product_tag":[],"class_list":{"0":"post-11333","1":"product","2":"type-product","3":"status-publish","4":"has-post-thumbnail","6":"product_cat-titanium-anode","7":"product_cat-titanium-anode-for-cathodic-protection","9":"first","10":"instock","11":"shipping-taxable","12":"product-type-simple"},"_links":{"self":[{"href":"https:\/\/www.sxhtscti.com\/de\/wp-json\/wp\/v2\/product\/11333","targetHints":{"allow":["GET"]}}],"collection":[{"href":"https:\/\/www.sxhtscti.com\/de\/wp-json\/wp\/v2\/product"}],"about":[{"href":"https:\/\/www.sxhtscti.com\/de\/wp-json\/wp\/v2\/types\/product"}],"wp:featuredmedia":[{"embeddable":true,"href":"https:\/\/www.sxhtscti.com\/de\/wp-json\/wp\/v2\/media\/11693"}],"wp:attachment":[{"href":"https:\/\/www.sxhtscti.com\/de\/wp-json\/wp\/v2\/media?parent=11333"}],"wp:term":[{"taxonomy":"product_brand","embeddable":true,"href":"https:\/\/www.sxhtscti.com\/de\/wp-json\/wp\/v2\/product_brand?post=11333"},{"taxonomy":"product_cat","embeddable":true,"href":"https:\/\/www.sxhtscti.com\/de\/wp-json\/wp\/v2\/product_cat?post=11333"},{"taxonomy":"product_tag","embeddable":true,"href":"https:\/\/www.sxhtscti.com\/de\/wp-json\/wp\/v2\/product_tag?post=11333"}],"curies":[{"name":"wp","href":"https:\/\/api.w.org\/{rel}","templated":true}]}}