{"id":11334,"date":"2025-02-25T13:58:32","date_gmt":"2025-02-25T05:58:32","guid":{"rendered":"https:\/\/sxhtscti.com\/?post_type=product&#038;p=11334"},"modified":"2025-05-22T11:26:36","modified_gmt":"2025-05-22T03:26:36","slug":"mmo-marine-anode","status":"publish","type":"product","link":"https:\/\/www.sxhtscti.com\/de\/product\/mmo-marine-anode\/","title":{"rendered":"MMO Schiffsanode"},"content":{"rendered":"<h1><strong>MMO Marine Anoden<\/strong><\/h1>\n<p>MMO-Scheibenanoden werden haupts\u00e4chlich f\u00fcr den kathodischen Schutz von Schiffsr\u00fcmpfen, Toren und Innenw\u00e4nden von Lagertanks in S\u00fc\u00df-, Salz- und Meerwasserumgebungen verwendet. Der Anodenk\u00f6rper ist eine scheibenf\u00f6rmige MMO-Anode.<\/p>\n<h2>Produktspezifikationen und Leistung:<\/h2>\n<table style=\"width: 100%; border - collapse: collapse;\">\n<tbody>\n<tr>\n<th style=\"border: 1px solid black; padding: 8px;\">Durchmesser (mm)<\/th>\n<th style=\"border: 1px solid black; padding: 8px;\">Dicke (mm)<\/th>\n<th style=\"border: 1px solid black; padding: 8px;\">Stromausgang (A\/\u33a1)<\/th>\n<th style=\"border: 1px solid black; padding: 8px;\">Lebensdauer (Jahre)<\/th>\n<\/tr>\n<tr>\n<td style=\"border: 1px solid black; padding: 8px;\">100<\/td>\n<td style=\"border: 1px solid black; padding: 8px;\">2.0 &#8211; 5.0<\/td>\n<td style=\"border: 1px solid black; padding: 8px;\">5<\/td>\n<td style=\"border: 1px solid black; padding: 8px;\">20<\/td>\n<\/tr>\n<tr>\n<td style=\"border: 1px solid black; padding: 8px;\">270<\/td>\n<td style=\"border: 1px solid black; padding: 8px;\">2.0 &#8211; 5.0<\/td>\n<td style=\"border: 1px solid black; padding: 8px;\">35<\/td>\n<td style=\"border: 1px solid black; padding: 8px;\">20<\/td>\n<\/tr>\n<tr>\n<td style=\"border: 1px solid black; padding: 8px;\">320<\/td>\n<td style=\"border: 1px solid black; padding: 8px;\">2.0 &#8211; 5.0<\/td>\n<td style=\"border: 1px solid black; padding: 8px;\">49<\/td>\n<td style=\"border: 1px solid black; padding: 8px;\">20<\/td>\n<\/tr>\n<tr>\n<td style=\"border: 1px solid black; padding: 8px;\">458<\/td>\n<td style=\"border: 1px solid black; padding: 8px;\">2.0 &#8211; 5.0<\/td>\n<td style=\"border: 1px solid black; padding: 8px;\">99<\/td>\n<td style=\"border: 1px solid black; padding: 8px;\">20<\/td>\n<\/tr>\n<\/tbody>\n<\/table>\n<p>*Andere Spezifikationsgr\u00f6\u00dfen k\u00f6nnen entsprechend den Kundenanforderungen angepasst werden.<\/p>\n<p>Als Titan-Basismaterial werden Platten verwendet, die der Norm ASTM B265 Gr1 entsprechen.<\/p>\n<h3>Chemische Zusammensetzung<\/h3>\n<table style=\"width: 100%; border - collapse: collapse;\">\n<tbody>\n<tr>\n<th style=\"border: 1px solid black; padding: 8px;\">Eisen (Fe)<\/th>\n<th style=\"border: 1px solid black; padding: 8px;\">Kohlenstoff (C)<\/th>\n<th style=\"border: 1px solid black; padding: 8px;\">Stickstoff (N)<\/th>\n<th style=\"border: 1px solid black; padding: 8px;\">Wasserstoff (H)<\/th>\n<th style=\"border: 1px solid black; padding: 8px;\">Sauerstoff (O)<\/th>\n<th style=\"border: 1px solid black; padding: 8px;\">Titan (Ti)<\/th>\n<th style=\"border: 1px solid black; padding: 8px;\">Sonstiges<\/th>\n<\/tr>\n<tr>\n<td style=\"border: 1px solid black; padding: 8px;\">Maximaler Inhalt 0,20%<\/td>\n<td style=\"border: 1px solid black; padding: 8px;\">0.08%<\/td>\n<td style=\"border: 1px solid black; padding: 8px;\">0.03%<\/td>\n<td style=\"border: 1px solid black; padding: 8px;\">0.02%<\/td>\n<td style=\"border: 1px solid black; padding: 8px;\">0.18%<\/td>\n<td style=\"border: 1px solid black; padding: 8px;\">Rest<\/td>\n<td style=\"border: 1px solid black; padding: 8px;\">0.40%<\/td>\n<\/tr>\n<\/tbody>\n<\/table>\n<p>Beschichtungssystem: Ruthenium-Iridium-Beschichtung<\/p>\n<p>Erweiterter Lebensdauerteststandard: NACE TM0108 \u2013 2008<\/p>\n<h3>Testbedingungen<\/h3>\n<table>\n<thead>\n<tr>\n<th>System<\/th>\n<th>Medium<\/th>\n<th>Stromdichte (A\/m\u00b2)<\/th>\n<th>Temperatur (\u00b0C)<\/th>\n<\/tr>\n<\/thead>\n<tbody>\n<tr>\n<td>Ruthenium-Iridium<\/td>\n<td>1 mol\/l H\u2082SO\u2084<\/td>\n<td>20,000<\/td>\n<td>40 \u00b1 5<\/td>\n<\/tr>\n<\/tbody>\n<\/table>\n<\/div>\n<p><img fetchpriority=\"high\" decoding=\"async\" class=\"alignnone size-full wp-image-11879\" src=\"https:\/\/sxhtscti.com\/wp-content\/uploads\/2025\/02\/MMO-marine-anode2.png\" alt=\"\" width=\"1650\" height=\"1238\" srcset=\"https:\/\/www.sxhtscti.com\/wp-content\/uploads\/2025\/02\/MMO-marine-anode2.png 1650w, https:\/\/www.sxhtscti.com\/wp-content\/uploads\/2025\/02\/MMO-marine-anode2-300x225.png 300w, https:\/\/www.sxhtscti.com\/wp-content\/uploads\/2025\/02\/MMO-marine-anode2-1024x768.png 1024w, https:\/\/www.sxhtscti.com\/wp-content\/uploads\/2025\/02\/MMO-marine-anode2-768x576.png 768w, https:\/\/www.sxhtscti.com\/wp-content\/uploads\/2025\/02\/MMO-marine-anode2-1536x1152.png 1536w, https:\/\/www.sxhtscti.com\/wp-content\/uploads\/2025\/02\/MMO-marine-anode2-16x12.png 16w, https:\/\/www.sxhtscti.com\/wp-content\/uploads\/2025\/02\/MMO-marine-anode2-600x450.png 600w, https:\/\/www.sxhtscti.com\/wp-content\/uploads\/2025\/02\/MMO-marine-anode2-150x113.png 150w\" sizes=\"(max-width: 1650px) 100vw, 1650px\" \/><\/p>\n<p>&nbsp;<\/p>","protected":false},"excerpt":{"rendered":"<p>MMO Marine Anoden MMO Scheibenanode wird haupts\u00e4chlich f\u00fcr den kathodischen Schutz von Schiffsr\u00fcmpfen, Toren und Innenw\u00e4nden von<\/p>","protected":false},"featured_media":11650,"template":"","meta":[],"product_brand":[],"product_cat":[17,18],"product_tag":[],"class_list":{"0":"post-11334","1":"product","2":"type-product","3":"status-publish","4":"has-post-thumbnail","6":"product_cat-titanium-anode","7":"product_cat-titanium-anode-for-cathodic-protection","9":"first","10":"instock","11":"shipping-taxable","12":"product-type-simple"},"_links":{"self":[{"href":"https:\/\/www.sxhtscti.com\/de\/wp-json\/wp\/v2\/product\/11334","targetHints":{"allow":["GET"]}}],"collection":[{"href":"https:\/\/www.sxhtscti.com\/de\/wp-json\/wp\/v2\/product"}],"about":[{"href":"https:\/\/www.sxhtscti.com\/de\/wp-json\/wp\/v2\/types\/product"}],"wp:featuredmedia":[{"embeddable":true,"href":"https:\/\/www.sxhtscti.com\/de\/wp-json\/wp\/v2\/media\/11650"}],"wp:attachment":[{"href":"https:\/\/www.sxhtscti.com\/de\/wp-json\/wp\/v2\/media?parent=11334"}],"wp:term":[{"taxonomy":"product_brand","embeddable":true,"href":"https:\/\/www.sxhtscti.com\/de\/wp-json\/wp\/v2\/product_brand?post=11334"},{"taxonomy":"product_cat","embeddable":true,"href":"https:\/\/www.sxhtscti.com\/de\/wp-json\/wp\/v2\/product_cat?post=11334"},{"taxonomy":"product_tag","embeddable":true,"href":"https:\/\/www.sxhtscti.com\/de\/wp-json\/wp\/v2\/product_tag?post=11334"}],"curies":[{"name":"wp","href":"https:\/\/api.w.org\/{rel}","templated":true}]}}