{"id":11335,"date":"2025-02-25T13:59:02","date_gmt":"2025-02-25T05:59:02","guid":{"rendered":"https:\/\/sxhtscti.com\/?post_type=product&#038;p=11335"},"modified":"2025-05-22T10:45:56","modified_gmt":"2025-05-22T02:45:56","slug":"negative-protection-anode-for-mmo-concrete-bridges","status":"publish","type":"product","link":"https:\/\/www.sxhtscti.com\/de\/product\/negative-protection-anode-for-mmo-concrete-bridges\/","title":{"rendered":"Negative Schutzanode f\u00fcr MMO-Betonbr\u00fccken"},"content":{"rendered":"<h1><strong>MMO Kathodenschutzanoden f\u00fcr Betonbr\u00fccken<\/strong><\/h1>\n<p>MMO-Netzanoden werden im Allgemeinen f\u00fcr den kathodischen Schutz von Stahlst\u00e4ben in Beton in atmosph\u00e4rischen<br \/>\nUmgebungen. Die Netzanoden werden zusammen mit Titan-Leiterplatten verwendet. Das weit ausgebreitete Netz<br \/>\nDurch die Form wird die Verteilung des Schutzstroms gleichm\u00e4\u00dfiger.<\/p>\n<h2>Produktspezifikationen und Leistung:<\/h2>\n<table style=\"width: 100%; border - collapse: collapse;\">\n<tbody>\n<tr>\n<th style=\"border: 1px solid black; padding: 8px;\">Breite (mm)<\/th>\n<th style=\"border: 1px solid black; padding: 8px;\">Dicke (mm)<\/th>\n<th style=\"border: 1px solid black; padding: 8px;\">L\u00e4nge (mm)<\/th>\n<th style=\"border: 1px solid black; padding: 8px;\">Maschenweite (mm)<\/th>\n<th style=\"border: 1px solid black; padding: 8px;\">Stromausgang (A\/\u33a1)<\/th>\n<th style=\"border: 1px solid black; padding: 8px;\">Lebensdauer (Jahre)<\/th>\n<\/tr>\n<tr>\n<td style=\"border: 1px solid black; padding: 8px;\">10<\/td>\n<td style=\"border: 1px solid black; padding: 8px;\">0.6<\/td>\n<td style=\"border: 1px solid black; padding: 8px;\">76<\/td>\n<td style=\"border: 1px solid black; padding: 8px;\">2.5*4.6<\/td>\n<td style=\"border: 1px solid black; padding: 8px;\">1.32<\/td>\n<td style=\"border: 1px solid black; padding: 8px;\">30 &#8211; 100<\/td>\n<\/tr>\n<tr>\n<td style=\"border: 1px solid black; padding: 8px;\">13<\/td>\n<td style=\"border: 1px solid black; padding: 8px;\">0.6<\/td>\n<td style=\"border: 1px solid black; padding: 8px;\">76<\/td>\n<td style=\"border: 1px solid black; padding: 8px;\">2.5*4.6<\/td>\n<td style=\"border: 1px solid black; padding: 8px;\">1.65<\/td>\n<td style=\"border: 1px solid black; padding: 8px;\">30 &#8211; 100<\/td>\n<\/tr>\n<tr>\n<td style=\"border: 1px solid black; padding: 8px;\">19<\/td>\n<td style=\"border: 1px solid black; padding: 8px;\">0.6<\/td>\n<td style=\"border: 1px solid black; padding: 8px;\">76<\/td>\n<td style=\"border: 1px solid black; padding: 8px;\">2.5*4.6<\/td>\n<td style=\"border: 1px solid black; padding: 8px;\">2.42<\/td>\n<td style=\"border: 1px solid black; padding: 8px;\">30 &#8211; 100<\/td>\n<\/tr>\n<tr>\n<td style=\"border: 1px solid black; padding: 8px;\">25<\/td>\n<td style=\"border: 1px solid black; padding: 8px;\">0.6<\/td>\n<td style=\"border: 1px solid black; padding: 8px;\">76<\/td>\n<td style=\"border: 1px solid black; padding: 8px;\">2.5*4.6<\/td>\n<td style=\"border: 1px solid black; padding: 8px;\">3.2<\/td>\n<td style=\"border: 1px solid black; padding: 8px;\">30 &#8211; 100<\/td>\n<\/tr>\n<\/tbody>\n<\/table>\n<p>Das Titan-Basismaterial verwendet Netzmaterialien, die dem Standard ASTM B265 Gr1 entsprechen.<\/p>\n<h3>Chemische Zusammensetzung<\/h3>\n<table style=\"width: 100%; border - collapse: collapse;\">\n<tbody>\n<tr>\n<th style=\"border: 1px solid black; padding: 8px;\">Eisen (Fe)<\/th>\n<th style=\"border: 1px solid black; padding: 8px;\">Kohlenstoff (C)<\/th>\n<th style=\"border: 1px solid black; padding: 8px;\">Stickstoff (N)<\/th>\n<th style=\"border: 1px solid black; padding: 8px;\">Wasserstoff (H)<\/th>\n<th style=\"border: 1px solid black; padding: 8px;\">Sauerstoff (O)<\/th>\n<th style=\"border: 1px solid black; padding: 8px;\">Titan (Ti)<\/th>\n<th style=\"border: 1px solid black; padding: 8px;\">Sonstiges<\/th>\n<\/tr>\n<tr>\n<td style=\"border: 1px solid black; padding: 8px;\">Maximaler Inhalt 0,20%<\/td>\n<td style=\"border: 1px solid black; padding: 8px;\">0.08%<\/td>\n<td style=\"border: 1px solid black; padding: 8px;\">0.03%<\/td>\n<td style=\"border: 1px solid black; padding: 8px;\">0.02%<\/td>\n<td style=\"border: 1px solid black; padding: 8px;\">0.18%<\/td>\n<td style=\"border: 1px solid black; padding: 8px;\">Rest<\/td>\n<td style=\"border: 1px solid black; padding: 8px;\">0.40%<\/td>\n<\/tr>\n<\/tbody>\n<\/table>\n<p>Beschichtungssystem: Iridium-Tantal-Beschichtung<\/p>\n<p>Erweiterter Lebensdauerteststandard: NACE TM0108 \u2013 2008<\/p>\n<h3>Testbedingungen<\/h3>\n<h3>Testbedingungen<\/h3>\n<table>\n<thead>\n<tr>\n<th>System<\/th>\n<th>Medium<\/th>\n<th>Stromdichte (A\/m\u00b2)<\/th>\n<th>Temperatur (\u00b0C)<\/th>\n<\/tr>\n<\/thead>\n<tbody>\n<tr>\n<td>Iridium-Tantal<\/td>\n<td>1 mol\/l Na\u2082SO\u2084<\/td>\n<td>20,000<\/td>\n<td>40 \u00b1 5<\/td>\n<\/tr>\n<\/tbody>\n<\/table>\n<p><img fetchpriority=\"high\" decoding=\"async\" src=\"https:\/\/sxhtscti.com\/wp-content\/uploads\/2025\/02\/Negative-protection-anode-for-MMO-concrete-bridges1222.png\" alt=\"\" width=\"1212\" height=\"419\" class=\"alignnone size-full wp-image-11899\" srcset=\"https:\/\/www.sxhtscti.com\/wp-content\/uploads\/2025\/02\/Negative-protection-anode-for-MMO-concrete-bridges1222.png 1212w, https:\/\/www.sxhtscti.com\/wp-content\/uploads\/2025\/02\/Negative-protection-anode-for-MMO-concrete-bridges1222-300x104.png 300w, https:\/\/www.sxhtscti.com\/wp-content\/uploads\/2025\/02\/Negative-protection-anode-for-MMO-concrete-bridges1222-1024x354.png 1024w, https:\/\/www.sxhtscti.com\/wp-content\/uploads\/2025\/02\/Negative-protection-anode-for-MMO-concrete-bridges1222-768x266.png 768w, https:\/\/www.sxhtscti.com\/wp-content\/uploads\/2025\/02\/Negative-protection-anode-for-MMO-concrete-bridges1222-18x6.png 18w, https:\/\/www.sxhtscti.com\/wp-content\/uploads\/2025\/02\/Negative-protection-anode-for-MMO-concrete-bridges1222-600x207.png 600w, https:\/\/www.sxhtscti.com\/wp-content\/uploads\/2025\/02\/Negative-protection-anode-for-MMO-concrete-bridges1222-150x52.png 150w\" sizes=\"(max-width: 1212px) 100vw, 1212px\" \/><\/p>","protected":false},"excerpt":{"rendered":"<p>MMO-Kathodenschutzanoden f\u00fcr Betonbr\u00fccken MMO-Netzanoden werden im Allgemeinen f\u00fcr den kathodischen Schutz von Stahltr\u00e4gern verwendet<\/p>","protected":false},"featured_media":11898,"template":"","meta":[],"product_brand":[],"product_cat":[17,18],"product_tag":[],"class_list":{"0":"post-11335","1":"product","2":"type-product","3":"status-publish","4":"has-post-thumbnail","6":"product_cat-titanium-anode","7":"product_cat-titanium-anode-for-cathodic-protection","9":"first","10":"instock","11":"shipping-taxable","12":"product-type-simple"},"_links":{"self":[{"href":"https:\/\/www.sxhtscti.com\/de\/wp-json\/wp\/v2\/product\/11335","targetHints":{"allow":["GET"]}}],"collection":[{"href":"https:\/\/www.sxhtscti.com\/de\/wp-json\/wp\/v2\/product"}],"about":[{"href":"https:\/\/www.sxhtscti.com\/de\/wp-json\/wp\/v2\/types\/product"}],"wp:featuredmedia":[{"embeddable":true,"href":"https:\/\/www.sxhtscti.com\/de\/wp-json\/wp\/v2\/media\/11898"}],"wp:attachment":[{"href":"https:\/\/www.sxhtscti.com\/de\/wp-json\/wp\/v2\/media?parent=11335"}],"wp:term":[{"taxonomy":"product_brand","embeddable":true,"href":"https:\/\/www.sxhtscti.com\/de\/wp-json\/wp\/v2\/product_brand?post=11335"},{"taxonomy":"product_cat","embeddable":true,"href":"https:\/\/www.sxhtscti.com\/de\/wp-json\/wp\/v2\/product_cat?post=11335"},{"taxonomy":"product_tag","embeddable":true,"href":"https:\/\/www.sxhtscti.com\/de\/wp-json\/wp\/v2\/product_tag?post=11335"}],"curies":[{"name":"wp","href":"https:\/\/api.w.org\/{rel}","templated":true}]}}