{"id":11336,"date":"2025-05-03T13:59:23","date_gmt":"2025-05-03T05:59:23","guid":{"rendered":"https:\/\/sxhtscti.com\/?post_type=product&#038;p=11336"},"modified":"2025-05-22T11:02:02","modified_gmt":"2025-05-22T03:02:02","slug":"mmo-anode-protection-tube","status":"publish","type":"product","link":"https:\/\/www.sxhtscti.com\/de\/product\/mmo-anode-protection-tube\/","title":{"rendered":"MMO Anodenschutzrohr"},"content":{"rendered":"<div style=\"overflow-x: auto;\">\n<table style=\"width: 100%; border-collapse: collapse;\">\n<thead>\n<tr>\n<th style=\"border: 1px solid #ddd; padding: 8px;\">Durchmesser (mm)<\/th>\n<th style=\"border: 1px solid #ddd; padding: 8px;\">L\u00e4nge L (mm)<\/th>\n<th style=\"border: 1px solid #ddd; padding: 8px;\">Fl\u00e4che (m\u00b2)<\/th>\n<th style=\"border: 1px solid #ddd; padding: 8px;\">Stromausgang (A\/\u33a1)<\/th>\n<th style=\"border: 1px solid #ddd; padding: 8px;\">Lebensdauer (Jahre)<\/th>\n<th style=\"border: 1px solid #ddd; padding: 8px;\">Anwendungsszenarien<\/th>\n<\/tr>\n<\/thead>\n<tbody>\n<tr>\n<td style=\"border: 1px solid #ddd; padding: 8px;\">25<\/td>\n<td style=\"border: 1px solid #ddd; padding: 8px;\">1000<\/td>\n<td style=\"border: 1px solid #ddd; padding: 8px;\">0.08<\/td>\n<td style=\"border: 1px solid #ddd; padding: 8px;\">8<\/td>\n<td style=\"border: 1px solid #ddd; padding: 8px;\">20-30<\/td>\n<td style=\"border: 1px solid #ddd; padding: 8px;\">Rohrleitungen, Wassertanks, Druckbeh\u00e4lter<\/td>\n<\/tr>\n<tr>\n<td style=\"border: 1px solid #ddd; padding: 8px;\">25<\/td>\n<td style=\"border: 1px solid #ddd; padding: 8px;\">1000<\/td>\n<td style=\"border: 1px solid #ddd; padding: 8px;\">0.08<\/td>\n<td style=\"border: 1px solid #ddd; padding: 8px;\">48<\/td>\n<td style=\"border: 1px solid #ddd; padding: 8px;\">20-30<\/td>\n<td style=\"border: 1px solid #ddd; padding: 8px;\">Rohrleitungen, Wassertanks, Druckbeh\u00e4lter<\/td>\n<\/tr>\n<tr>\n<td style=\"border: 1px solid #ddd; padding: 8px;\">32<\/td>\n<td style=\"border: 1px solid #ddd; padding: 8px;\">1000<\/td>\n<td style=\"border: 1px solid #ddd; padding: 8px;\">0.1<\/td>\n<td style=\"border: 1px solid #ddd; padding: 8px;\">10<\/td>\n<td style=\"border: 1px solid #ddd; padding: 8px;\">20-30<\/td>\n<td style=\"border: 1px solid #ddd; padding: 8px;\">Rohrleitungen, Wassertanks, Druckbeh\u00e4lter<\/td>\n<\/tr>\n<tr>\n<td style=\"border: 1px solid #ddd; padding: 8px;\">32<\/td>\n<td style=\"border: 1px solid #ddd; padding: 8px;\">1000<\/td>\n<td style=\"border: 1px solid #ddd; padding: 8px;\">0.1<\/td>\n<td style=\"border: 1px solid #ddd; padding: 8px;\">60<\/td>\n<td style=\"border: 1px solid #ddd; padding: 8px;\">20-30<\/td>\n<td style=\"border: 1px solid #ddd; padding: 8px;\">Rohrleitungen, Wassertanks, Druckbeh\u00e4lter<\/td>\n<\/tr>\n<\/tbody>\n<\/table>\n<\/div>\n<p>*Andere Spezifikationen und Gr\u00f6\u00dfen k\u00f6nnen gem\u00e4\u00df Kundenanforderungen angepasst werden.<\/p>\n<p>Substratmaterial: Titan, entspricht dem Standard ASTM B338 Gr1.<\/p>\n<h3>Chemische Zusammensetzung<\/h3>\n<table style=\"width: 100%; border - collapse: collapse;\">\n<tbody>\n<tr>\n<th style=\"border: 1px solid black; padding: 8px;\">Eisen (Fe)<\/th>\n<th style=\"border: 1px solid black; padding: 8px;\">Kohlenstoff (C)<\/th>\n<th style=\"border: 1px solid black; padding: 8px;\">Stickstoff (N)<\/th>\n<th style=\"border: 1px solid black; padding: 8px;\">Wasserstoff (H)<\/th>\n<th style=\"border: 1px solid black; padding: 8px;\">Sauerstoff (O)<\/th>\n<th style=\"border: 1px solid black; padding: 8px;\">Titan (Ti)<\/th>\n<th style=\"border: 1px solid black; padding: 8px;\">Sonstiges<\/th>\n<\/tr>\n<tr>\n<td style=\"border: 1px solid black; padding: 8px;\">Maximaler Inhalt 0,20%<\/td>\n<td style=\"border: 1px solid black; padding: 8px;\">0.08%<\/td>\n<td style=\"border: 1px solid black; padding: 8px;\">0.03%<\/td>\n<td style=\"border: 1px solid black; padding: 8px;\">0.02%<\/td>\n<td style=\"border: 1px solid black; padding: 8px;\">0.18%<\/td>\n<td style=\"border: 1px solid black; padding: 8px;\">Rest<\/td>\n<td style=\"border: 1px solid black; padding: 8px;\">0.40%<\/td>\n<\/tr>\n<\/tbody>\n<\/table>\n<p>Beschichtungssystem: Iridium-Tantal-Beschichtung, Ruthenium-Iridium-Beschichtung<\/p>\n<p>Erweiterter Lebensdauerteststandard: NACE TM0108-2008.<\/p>\n<h3>Testbedingungen<\/h3>\n<table>\n<thead>\n<tr>\n<th>System<\/th>\n<th>Medium<\/th>\n<th>Stromdichte (A\/m\u00b2)<\/th>\n<th>Temperatur (\u00b0C)<\/th>\n<\/tr>\n<\/thead>\n<tbody>\n<tr>\n<td>Iridium-Tantal<\/td>\n<td>1 mol\/l Na\u2082SO\u2084<\/td>\n<td>20,000<\/td>\n<td>40 \u00b1 5<\/td>\n<\/tr>\n<tr>\n<td>Ruthenium-Iridium<\/td>\n<td>1 mol\/l H\u2082SO\u2084<\/td>\n<td>20,000<\/td>\n<td>40 \u00b1 5<\/td>\n<\/tr>\n<\/tbody>\n<\/table>\n<\/div>\n<p><img fetchpriority=\"high\" decoding=\"async\" class=\"alignnone size-full wp-image-11893\" src=\"https:\/\/sxhtscti.com\/wp-content\/uploads\/2025\/05\/MMO-anode-protection-tube1.png\" alt=\"\" width=\"554\" height=\"415\" srcset=\"https:\/\/www.sxhtscti.com\/wp-content\/uploads\/2025\/05\/MMO-anode-protection-tube1.png 554w, https:\/\/www.sxhtscti.com\/wp-content\/uploads\/2025\/05\/MMO-anode-protection-tube1-300x225.png 300w, https:\/\/www.sxhtscti.com\/wp-content\/uploads\/2025\/05\/MMO-anode-protection-tube1-16x12.png 16w, https:\/\/www.sxhtscti.com\/wp-content\/uploads\/2025\/05\/MMO-anode-protection-tube1-150x112.png 150w\" sizes=\"(max-width: 554px) 100vw, 554px\" \/> <img decoding=\"async\" class=\"alignnone size-full wp-image-11894\" src=\"https:\/\/sxhtscti.com\/wp-content\/uploads\/2025\/05\/MMO-anode-protection-tube2.png\" alt=\"\" width=\"558\" height=\"418\" srcset=\"https:\/\/www.sxhtscti.com\/wp-content\/uploads\/2025\/05\/MMO-anode-protection-tube2.png 558w, https:\/\/www.sxhtscti.com\/wp-content\/uploads\/2025\/05\/MMO-anode-protection-tube2-300x225.png 300w, https:\/\/www.sxhtscti.com\/wp-content\/uploads\/2025\/05\/MMO-anode-protection-tube2-16x12.png 16w, https:\/\/www.sxhtscti.com\/wp-content\/uploads\/2025\/05\/MMO-anode-protection-tube2-150x112.png 150w\" sizes=\"(max-width: 558px) 100vw, 558px\" \/><\/p>","protected":false},"excerpt":{"rendered":"<p>Durchmesser (mm) L\u00e4nge L (mm) Oberfl\u00e4che (m\u00b2) Stromabgabe (A\/\u33a1) Lebensdauer (Jahre) Anwendungsszenarien 25 1000 0,08 8 20-30<\/p>","protected":false},"featured_media":11688,"template":"","meta":[],"product_brand":[],"product_cat":[17,18],"product_tag":[],"class_list":{"0":"post-11336","1":"product","2":"type-product","3":"status-publish","4":"has-post-thumbnail","6":"product_cat-titanium-anode","7":"product_cat-titanium-anode-for-cathodic-protection","9":"first","10":"instock","11":"featured","12":"shipping-taxable","13":"product-type-simple"},"_links":{"self":[{"href":"https:\/\/www.sxhtscti.com\/de\/wp-json\/wp\/v2\/product\/11336","targetHints":{"allow":["GET"]}}],"collection":[{"href":"https:\/\/www.sxhtscti.com\/de\/wp-json\/wp\/v2\/product"}],"about":[{"href":"https:\/\/www.sxhtscti.com\/de\/wp-json\/wp\/v2\/types\/product"}],"wp:featuredmedia":[{"embeddable":true,"href":"https:\/\/www.sxhtscti.com\/de\/wp-json\/wp\/v2\/media\/11688"}],"wp:attachment":[{"href":"https:\/\/www.sxhtscti.com\/de\/wp-json\/wp\/v2\/media?parent=11336"}],"wp:term":[{"taxonomy":"product_brand","embeddable":true,"href":"https:\/\/www.sxhtscti.com\/de\/wp-json\/wp\/v2\/product_brand?post=11336"},{"taxonomy":"product_cat","embeddable":true,"href":"https:\/\/www.sxhtscti.com\/de\/wp-json\/wp\/v2\/product_cat?post=11336"},{"taxonomy":"product_tag","embeddable":true,"href":"https:\/\/www.sxhtscti.com\/de\/wp-json\/wp\/v2\/product_tag?post=11336"}],"curies":[{"name":"wp","href":"https:\/\/api.w.org\/{rel}","templated":true}]}}